{"id":8,"date":"2023-11-13T18:05:55","date_gmt":"2023-11-13T18:05:55","guid":{"rendered":"https:\/\/todemcasa.com\/?page_id=8"},"modified":"2023-11-14T00:30:12","modified_gmt":"2023-11-14T00:30:12","slug":"elementor-8","status":"publish","type":"page","link":"https:\/\/todemcasa.com\/index.php\/elementor-8\/","title":{"rendered":"Elementor #8"},"content":{"rendered":"\t\t<div data-elementor-type=\"wp-page\" data-elementor-id=\"8\" class=\"elementor elementor-8\" data-elementor-post-type=\"page\">\n\t\t\t\t<div class=\"elementor-element elementor-element-ebcfaab e-flex e-con-boxed e-con e-parent\" data-id=\"ebcfaab\" data-element_type=\"container\" data-settings=\"{&quot;background_background&quot;:&quot;classic&quot;}\">\n\t\t\t\t\t<div class=\"e-con-inner\">\n\t\t\t\t<div class=\"elementor-element elementor-element-22fedc7 elementor-widget elementor-widget-heading\" data-id=\"22fedc7\" data-element_type=\"widget\" data-widget_type=\"heading.default\">\n\t\t\t\t<div class=\"elementor-widget-container\">\n\t\t\t<style>\/*! elementor - v3.22.0 - 26-06-2024 *\/\n.elementor-heading-title{padding:0;margin:0;line-height:1}.elementor-widget-heading .elementor-heading-title[class*=elementor-size-]>a{color:inherit;font-size:inherit;line-height:inherit}.elementor-widget-heading .elementor-heading-title.elementor-size-small{font-size:15px}.elementor-widget-heading .elementor-heading-title.elementor-size-medium{font-size:19px}.elementor-widget-heading .elementor-heading-title.elementor-size-large{font-size:29px}.elementor-widget-heading .elementor-heading-title.elementor-size-xl{font-size:39px}.elementor-widget-heading .elementor-heading-title.elementor-size-xxl{font-size:59px}<\/style><h2 class=\"elementor-heading-title elementor-size-default\">\u26a0\ufe0f \u00daLTIMAS VAGAS DISPON\u00cdVEIS \u26a0\ufe0f<\/h2>\t\t<\/div>\n\t\t\t\t<\/div>\n\t\t\t\t\t<\/div>\n\t\t\t\t<\/div>\n\t\t<div class=\"elementor-element elementor-element-da71fba e-flex e-con-boxed e-con e-parent\" data-id=\"da71fba\" data-element_type=\"container\" data-settings=\"{&quot;background_background&quot;:&quot;slideshow&quot;,&quot;background_slideshow_gallery&quot;:[],&quot;background_slideshow_loop&quot;:&quot;yes&quot;,&quot;background_slideshow_slide_duration&quot;:5000,&quot;background_slideshow_slide_transition&quot;:&quot;fade&quot;,&quot;background_slideshow_transition_duration&quot;:500}\">\n\t\t\t\t\t<div class=\"e-con-inner\">\n\t\t\t\t<div class=\"elementor-element elementor-element-acaf1c0 elementor-widget elementor-widget-spacer\" data-id=\"acaf1c0\" data-element_type=\"widget\" data-widget_type=\"spacer.default\">\n\t\t\t\t<div class=\"elementor-widget-container\">\n\t\t\t<style>\/*! elementor - v3.22.0 - 26-06-2024 *\/\n.elementor-column .elementor-spacer-inner{height:var(--spacer-size)}.e-con{--container-widget-width:100%}.e-con-inner>.elementor-widget-spacer,.e-con>.elementor-widget-spacer{width:var(--container-widget-width,var(--spacer-size));--align-self:var(--container-widget-align-self,initial);--flex-shrink:0}.e-con-inner>.elementor-widget-spacer>.elementor-widget-container,.e-con>.elementor-widget-spacer>.elementor-widget-container{height:100%;width:100%}.e-con-inner>.elementor-widget-spacer>.elementor-widget-container>.elementor-spacer,.e-con>.elementor-widget-spacer>.elementor-widget-container>.elementor-spacer{height:100%}.e-con-inner>.elementor-widget-spacer>.elementor-widget-container>.elementor-spacer>.elementor-spacer-inner,.e-con>.elementor-widget-spacer>.elementor-widget-container>.elementor-spacer>.elementor-spacer-inner{height:var(--container-widget-height,var(--spacer-size))}.e-con-inner>.elementor-widget-spacer.elementor-widget-empty,.e-con>.elementor-widget-spacer.elementor-widget-empty{position:relative;min-height:22px;min-width:22px}.e-con-inner>.elementor-widget-spacer.elementor-widget-empty .elementor-widget-empty-icon,.e-con>.elementor-widget-spacer.elementor-widget-empty .elementor-widget-empty-icon{position:absolute;top:0;bottom:0;left:0;right:0;margin:auto;padding:0;width:22px;height:22px}<\/style>\t\t<div class=\"elementor-spacer\">\n\t\t\t<div class=\"elementor-spacer-inner\"><\/div>\n\t\t<\/div>\n\t\t\t\t<\/div>\n\t\t\t\t<\/div>\n\t\t\t\t<div class=\"elementor-element elementor-element-05e8c2f elementor-widget elementor-widget-heading\" data-id=\"05e8c2f\" data-element_type=\"widget\" data-widget_type=\"heading.default\">\n\t\t\t\t<div class=\"elementor-widget-container\">\n\t\t\t<h2 class=\"elementor-heading-title elementor-size-default\">Acabe com as crises de raiva, comportamentos violentos e os argumentos de oposi\u00e7\u00e3o<\/h2>\t\t<\/div>\n\t\t\t\t<\/div>\n\t\t\t\t<div class=\"elementor-element elementor-element-7eafb88 elementor-widget elementor-widget-heading\" data-id=\"7eafb88\" data-element_type=\"widget\" data-widget_type=\"heading.default\">\n\t\t\t\t<div class=\"elementor-widget-container\">\n\t\t\t<h2 class=\"elementor-heading-title elementor-size-default\">Sem gritos, castigos ou palmadas<\/h2>\t\t<\/div>\n\t\t\t\t<\/div>\n\t\t\t\t<div class=\"elementor-element elementor-element-f80932a elementor-widget elementor-widget-text-editor\" data-id=\"f80932a\" data-element_type=\"widget\" data-widget_type=\"text-editor.default\">\n\t\t\t\t<div class=\"elementor-widget-container\">\n\t\t\t<style>\/*! elementor - v3.22.0 - 26-06-2024 *\/\n.elementor-widget-text-editor.elementor-drop-cap-view-stacked .elementor-drop-cap{background-color:#69727d;color:#fff}.elementor-widget-text-editor.elementor-drop-cap-view-framed .elementor-drop-cap{color:#69727d;border:3px solid;background-color:transparent}.elementor-widget-text-editor:not(.elementor-drop-cap-view-default) .elementor-drop-cap{margin-top:8px}.elementor-widget-text-editor:not(.elementor-drop-cap-view-default) .elementor-drop-cap-letter{width:1em;height:1em}.elementor-widget-text-editor .elementor-drop-cap{float:left;text-align:center;line-height:1;font-size:50px}.elementor-widget-text-editor .elementor-drop-cap-letter{display:inline-block}<\/style>\t\t\t\t<p>Com apenas 5 minutos por dia, veja o comportamento opositor e desafiador de seu filho acabar, fazendo com que ele entenda os limites e siga as regras.<\/p><p><strong>Mas antes&#8230;<\/strong><\/p>\t\t\t\t\t\t<\/div>\n\t\t\t\t<\/div>\n\t\t\t\t\t<\/div>\n\t\t\t\t<\/div>\n\t\t<div class=\"elementor-element elementor-element-102ef67 e-flex e-con-boxed e-con e-parent\" data-id=\"102ef67\" data-element_type=\"container\" data-settings=\"{&quot;background_background&quot;:&quot;classic&quot;}\">\n\t\t\t\t\t<div class=\"e-con-inner\">\n\t\t<div class=\"elementor-element elementor-element-24e1f23 e-con-full e-flex e-con e-child\" data-id=\"24e1f23\" data-element_type=\"container\">\n\t\t\t\t<div class=\"elementor-element elementor-element-a03f3a7 elementor-widget elementor-widget-heading\" data-id=\"a03f3a7\" data-element_type=\"widget\" data-widget_type=\"heading.default\">\n\t\t\t\t<div class=\"elementor-widget-container\">\n\t\t\t<h2 class=\"elementor-heading-title elementor-size-default\">Voc\u00ea entende o motivo do seu filho agir assim?<\/h2>\t\t<\/div>\n\t\t\t\t<\/div>\n\t\t\t\t<div class=\"elementor-element elementor-element-914ec2c elementor-widget elementor-widget-image\" data-id=\"914ec2c\" data-element_type=\"widget\" data-widget_type=\"image.default\">\n\t\t\t\t<div class=\"elementor-widget-container\">\n\t\t\t<style>\/*! elementor - v3.22.0 - 26-06-2024 *\/\n.elementor-widget-image{text-align:center}.elementor-widget-image a{display:inline-block}.elementor-widget-image a img[src$=\".svg\"]{width:48px}.elementor-widget-image img{vertical-align:middle;display:inline-block}<\/style>\t\t\t\t\t\t\t\t\t\t<img fetchpriority=\"high\" decoding=\"async\" width=\"438\" height=\"438\" src=\"https:\/\/todemcasa.com\/wp-content\/uploads\/2023\/11\/a8dc5b4693853cd2ed5a302f4083d689.gif\" class=\"attachment-large size-large wp-image-186\" alt=\"\" \/>\t\t\t\t\t\t\t\t\t\t\t\t\t<\/div>\n\t\t\t\t<\/div>\n\t\t\t\t<div class=\"elementor-element elementor-element-1ab914b elementor-widget elementor-widget-spacer\" data-id=\"1ab914b\" data-element_type=\"widget\" data-widget_type=\"spacer.default\">\n\t\t\t\t<div class=\"elementor-widget-container\">\n\t\t\t\t\t<div class=\"elementor-spacer\">\n\t\t\t<div class=\"elementor-spacer-inner\"><\/div>\n\t\t<\/div>\n\t\t\t\t<\/div>\n\t\t\t\t<\/div>\n\t\t\t\t<div class=\"elementor-element elementor-element-992469e elementor-widget elementor-widget-text-editor\" data-id=\"992469e\" data-element_type=\"widget\" data-widget_type=\"text-editor.default\">\n\t\t\t\t<div class=\"elementor-widget-container\">\n\t\t\t\t\t\t\t<p><span style=\"font-weight: 400;\">Ap\u00f3s anos atendendo em meu consult\u00f3rio e estudando o comportamento infantil, consegui definitivamente compreender esses comportamentos, observei que eles s\u00e3o oriundos de uma <strong>dificuldade de regula\u00e7\u00e3o emocional<\/strong> e s\u00e3o acompanhados tamb\u00e9m de uma <strong>imaturidade emocional<\/strong>.<\/span><\/p><p><span style=\"font-weight: 400;\">Faz com que a crian\u00e7a ou o adolescente naquele <strong>momento de oposi\u00e7\u00e3o<\/strong>, ele n\u00e3o consiga <strong>mensurar as consequ\u00eancias dos seus atos<\/strong>. Agindo de forma opositora, desafiadora e agressiva\u2026<\/span><\/p><p><span style=\"font-weight: 400;\">Assim como uma crian\u00e7a cai quando est\u00e1 aprendendo a andar, seu filho est\u00e1 <strong>aprendendo a lidar com suas pr\u00f3prias emo\u00e7\u00f5es<\/strong>.<\/span><\/p><p><span style=\"font-weight: 400;\">E voc\u00ea precisa <strong>estar preparado<\/strong> para lidar com o fluxo de energia no dia a dia, de forma a evitar confrontos e permitir que essa energia seja canalizada da melhor maneira poss\u00edvel.<\/span><\/p><p><span style=\"font-weight: 400;\">Esta energia \u00e9 intrinsecamente <strong>positiva<\/strong>, e \u00e9 prov\u00e1vel que seu filho <strong>se torne um l\u00edder<\/strong>, algu\u00e9m que n\u00e3o aceita qualquer coisa.\u00a0<\/span><\/p><p><span style=\"font-weight: 400;\">Agora voc\u00ea vai conhecer a melhor forma de <strong>orientar e direcionar<\/strong> esse fluxo pulsional opositor e desafiador de maneira construtiva, permitindo que seu filho <strong>desenvolva seu potencial<\/strong>.\u00a0<\/span><\/p><p>E por isso eu preciso te perguntar&#8230;<\/p>\t\t\t\t\t\t<\/div>\n\t\t\t\t<\/div>\n\t\t\t\t<\/div>\n\t\t\t\t\t<\/div>\n\t\t\t\t<\/div>\n\t\t<div class=\"elementor-element elementor-element-9b1af56 e-flex e-con-boxed e-con e-parent\" data-id=\"9b1af56\" data-element_type=\"container\">\n\t\t\t\t\t<div class=\"e-con-inner\">\n\t\t<div class=\"elementor-element elementor-element-9b68d33 e-con-full e-flex e-con e-child\" data-id=\"9b68d33\" data-element_type=\"container\">\n\t\t\t\t<div class=\"elementor-element elementor-element-622cd8a elementor-widget elementor-widget-image\" data-id=\"622cd8a\" data-element_type=\"widget\" data-widget_type=\"image.default\">\n\t\t\t\t<div class=\"elementor-widget-container\">\n\t\t\t\t\t\t\t\t\t\t\t\t\t<img decoding=\"async\" width=\"1024\" height=\"576\" src=\"https:\/\/todemcasa.com\/wp-content\/uploads\/2023\/11\/Filho-1024x576.webp\" class=\"attachment-large size-large wp-image-123\" alt=\"\" srcset=\"https:\/\/todemcasa.com\/wp-content\/uploads\/2023\/11\/Filho-1024x576.webp 1024w, https:\/\/todemcasa.com\/wp-content\/uploads\/2023\/11\/Filho-300x169.webp 300w, https:\/\/todemcasa.com\/wp-content\/uploads\/2023\/11\/Filho-768x432.webp 768w, https:\/\/todemcasa.com\/wp-content\/uploads\/2023\/11\/Filho-1536x864.webp 1536w, https:\/\/todemcasa.com\/wp-content\/uploads\/2023\/11\/Filho.webp 1920w\" sizes=\"(max-width: 1024px) 100vw, 1024px\" \/>\t\t\t\t\t\t\t\t\t\t\t\t\t<\/div>\n\t\t\t\t<\/div>\n\t\t\t\t<\/div>\n\t\t<div class=\"elementor-element elementor-element-889b351 e-con-full e-flex e-con e-child\" data-id=\"889b351\" data-element_type=\"container\">\n\t\t\t\t<div class=\"elementor-element elementor-element-5ec2250 elementor-widget elementor-widget-spacer\" data-id=\"5ec2250\" data-element_type=\"widget\" data-widget_type=\"spacer.default\">\n\t\t\t\t<div class=\"elementor-widget-container\">\n\t\t\t\t\t<div class=\"elementor-spacer\">\n\t\t\t<div class=\"elementor-spacer-inner\"><\/div>\n\t\t<\/div>\n\t\t\t\t<\/div>\n\t\t\t\t<\/div>\n\t\t\t\t<div class=\"elementor-element elementor-element-d871b3f elementor-widget elementor-widget-heading\" data-id=\"d871b3f\" data-element_type=\"widget\" data-widget_type=\"heading.default\">\n\t\t\t\t<div class=\"elementor-widget-container\">\n\t\t\t<h2 class=\"elementor-heading-title elementor-size-default\">Como voc\u00ea tem se sentido na sua rela\u00e7\u00e3o com seu filho?<\/h2>\t\t<\/div>\n\t\t\t\t<\/div>\n\t\t\t\t<div class=\"elementor-element elementor-element-b5db8f7 elementor-widget elementor-widget-text-editor\" data-id=\"b5db8f7\" data-element_type=\"widget\" data-widget_type=\"text-editor.default\">\n\t\t\t\t<div class=\"elementor-widget-container\">\n\t\t\t\t\t\t\t<ul><li>Se sente uma p\u00e9ssima m\u00e3e ou um p\u00e9ssimo pai, e est\u00e1 sempre <b>cansado e esgotado<\/b>?<\/li><li>Voc\u00ea sente que seu filho te desafia?<\/li><li>Voc\u00ea sente que seu filho est\u00e1<b> agindo por impulso a maior parte do tempo?<\/b><\/li><li><strong>Voc\u00ea sente que perde a calma muito facilmente<\/strong>, e n\u00e3o consegue se manter conectada com a crian\u00e7a?<\/li><li>Voc\u00ea acredita que seu filho <b>\u00e9 uma crian\u00e7a ruim e mal educada?<\/b><\/li><\/ul>\t\t\t\t\t\t<\/div>\n\t\t\t\t<\/div>\n\t\t\t\t<\/div>\n\t\t\t\t\t<\/div>\n\t\t\t\t<\/div>\n\t\t<div class=\"elementor-element elementor-element-412db0b e-flex e-con-boxed e-con e-parent\" data-id=\"412db0b\" data-element_type=\"container\">\n\t\t\t\t\t<div class=\"e-con-inner\">\n\t\t\t\t<div class=\"elementor-element elementor-element-bd55872 elementor-widget elementor-widget-heading\" data-id=\"bd55872\" data-element_type=\"widget\" data-widget_type=\"heading.default\">\n\t\t\t\t<div class=\"elementor-widget-container\">\n\t\t\t<h2 class=\"elementor-heading-title elementor-size-default\">Eu preciso te alertar\u2026\n<\/h2>\t\t<\/div>\n\t\t\t\t<\/div>\n\t\t\t\t<div class=\"elementor-element elementor-element-b6734c5 elementor-widget elementor-widget-spacer\" data-id=\"b6734c5\" data-element_type=\"widget\" data-widget_type=\"spacer.default\">\n\t\t\t\t<div class=\"elementor-widget-container\">\n\t\t\t\t\t<div class=\"elementor-spacer\">\n\t\t\t<div class=\"elementor-spacer-inner\"><\/div>\n\t\t<\/div>\n\t\t\t\t<\/div>\n\t\t\t\t<\/div>\n\t\t\t\t<div class=\"elementor-element elementor-element-06fa125 elementor-widget elementor-widget-text-editor\" data-id=\"06fa125\" data-element_type=\"widget\" data-widget_type=\"text-editor.default\">\n\t\t\t\t<div class=\"elementor-widget-container\">\n\t\t\t\t\t\t\t<p><span style=\"font-weight: 400;\">Se voc\u00ea vive esgotado e sofre com esses sentimentos&#8230; Se seu filho apresenta comportamentos <strong>agressivos,<\/strong> ele \u00e9 <strong>vingativo<\/strong>, \u00e9 <strong>desafiador,<\/strong> tem <strong>picos de raiva excessivos,<\/strong> \u00e9 capaz que ele tenha um <strong>transtorno comportamental chamado TOD<\/strong> (transtorno opositor desafiador).<\/span><\/p><p><span style=\"font-weight: 400;\"><strong>Isso pode ser bem grave\u2026<\/strong><\/span><\/p><p><span style=\"font-weight: 400;\">O TOD age nas quest\u00f5es de comportamento, na conviv\u00eancia: frente a limites, frente a regras, toda aquela <strong>raiva se manifesta<\/strong>, e voc\u00ea sabe muito mais do que qualquer um o quanto intensas podem ser as crises.<\/span><\/p><p><span style=\"font-weight: 400;\">Muitas vezes causando <strong>conflitos familiares, estresse, desgastes em seu casamento, problemas sociais, escolares, exaust\u00e3o f\u00edsica e emocional<\/strong>.<\/span><\/p><p><span style=\"font-weight: 400;\">Muitas vezes a crian\u00e7a tem um comportamento opositor e desafiador tamb\u00e9m <strong>dentro do ambiente escolar<\/strong> prejudicando seu aprendizado, suas rotinas b\u00e1sicas, acaba indo por muitas vezes para a coordena\u00e7\u00e3o, sendo julgada como uma crian\u00e7a ou um adolescente ruim ou mal criado. <\/span><\/p>\t\t\t\t\t\t<\/div>\n\t\t\t\t<\/div>\n\t\t\t\t<div class=\"elementor-element elementor-element-fad028d elementor-widget elementor-widget-image\" data-id=\"fad028d\" data-element_type=\"widget\" data-widget_type=\"image.default\">\n\t\t\t\t<div class=\"elementor-widget-container\">\n\t\t\t\t\t\t\t\t\t\t\t\t\t<img decoding=\"async\" width=\"498\" height=\"473\" src=\"https:\/\/todemcasa.com\/wp-content\/uploads\/2023\/11\/illus-cute.gif\" class=\"attachment-large size-large wp-image-200\" alt=\"\" \/>\t\t\t\t\t\t\t\t\t\t\t\t\t<\/div>\n\t\t\t\t<\/div>\n\t\t\t\t\t<\/div>\n\t\t\t\t<\/div>\n\t\t<div class=\"elementor-element elementor-element-31a94aa e-flex e-con-boxed e-con e-parent\" data-id=\"31a94aa\" data-element_type=\"container\">\n\t\t\t\t\t<div class=\"e-con-inner\">\n\t\t\t\t<div class=\"elementor-element elementor-element-ab83921 elementor-widget elementor-widget-spacer\" data-id=\"ab83921\" data-element_type=\"widget\" data-widget_type=\"spacer.default\">\n\t\t\t\t<div class=\"elementor-widget-container\">\n\t\t\t\t\t<div class=\"elementor-spacer\">\n\t\t\t<div class=\"elementor-spacer-inner\"><\/div>\n\t\t<\/div>\n\t\t\t\t<\/div>\n\t\t\t\t<\/div>\n\t\t\t\t<div class=\"elementor-element elementor-element-898d5d7 elementor-widget elementor-widget-heading\" data-id=\"898d5d7\" data-element_type=\"widget\" data-widget_type=\"heading.default\">\n\t\t\t\t<div class=\"elementor-widget-container\">\n\t\t\t<h2 class=\"elementor-heading-title elementor-size-default\">J\u00e1 existem rem\u00e9dios para esse tipo de transtorno?<\/h2>\t\t<\/div>\n\t\t\t\t<\/div>\n\t\t\t\t<div class=\"elementor-element elementor-element-6ccec01 elementor-widget elementor-widget-spacer\" data-id=\"6ccec01\" data-element_type=\"widget\" data-widget_type=\"spacer.default\">\n\t\t\t\t<div class=\"elementor-widget-container\">\n\t\t\t\t\t<div class=\"elementor-spacer\">\n\t\t\t<div class=\"elementor-spacer-inner\"><\/div>\n\t\t<\/div>\n\t\t\t\t<\/div>\n\t\t\t\t<\/div>\n\t\t\t\t<div class=\"elementor-element elementor-element-cb827ae elementor-widget elementor-widget-text-editor\" data-id=\"cb827ae\" data-element_type=\"widget\" data-widget_type=\"text-editor.default\">\n\t\t\t\t<div class=\"elementor-widget-container\">\n\t\t\t\t\t\t\t<p>Sim, j\u00e1 existem medicamentos para tratar esse tipo de transtorno&#8230; Mas eu preciso te contar algo assustador\u2026 A grande ind\u00fastria farmac\u00eautica n\u00e3o est\u00e1 nem um pouco preocupada com a sa\u00fade mental de seu filho, ela tem apenas um objetivo, colocar a m\u00e3o direita em seu bolso e levar todo seu suado dinheiro, te vendendo rem\u00e9dios perigosos que causam depend\u00eancia e efeitos colaterais graves\u2026<\/p><p>E sabe o pior? O sil\u00eancio \u00e9 ensurdecedor\u2026 Voc\u00ea viu a grande m\u00eddia, jornais, TV ou qualquer outro meio de comunica\u00e7\u00e3o falando em algum momento sobre um surto que nossas crian\u00e7as est\u00e3o sofrendo? Uma pandemia causando em crian\u00e7as, comportamentos opositores e desafiadores graves, baixo rendimento escolar e comportamentos agressivos?<\/p><p>Foi isso que eu pensei, claro que n\u00e3o!<\/p>\t\t\t\t\t\t<\/div>\n\t\t\t\t<\/div>\n\t\t\t\t<div class=\"elementor-element elementor-element-3845bde elementor-align-center elementor-mobile-align-center elementor-widget elementor-widget-button\" data-id=\"3845bde\" data-element_type=\"widget\" data-widget_type=\"button.default\">\n\t\t\t\t<div class=\"elementor-widget-container\">\n\t\t\t\t\t<div class=\"elementor-button-wrapper\">\n\t\t\t<a class=\"elementor-button elementor-button-link elementor-size-lg\" href=\"#\">\n\t\t\t\t\t\t<span class=\"elementor-button-content-wrapper\">\n\t\t\t\t\t\t<span class=\"elementor-button-icon\">\n\t\t\t\t<svg aria-hidden=\"true\" class=\"e-font-icon-svg e-far-gem\" viewBox=\"0 0 576 512\" xmlns=\"http:\/\/www.w3.org\/2000\/svg\"><path d=\"M464 0H112c-4 0-7.8 2-10 5.4L2 152.6c-2.9 4.4-2.6 10.2.7 14.2l276 340.8c4.8 5.9 13.8 5.9 18.6 0l276-340.8c3.3-4.1 3.6-9.8.7-14.2L474.1 5.4C471.8 2 468.1 0 464 0zm-19.3 48l63.3 96h-68.4l-51.7-96h56.8zm-202.1 0h90.7l51.7 96H191l51.6-96zm-111.3 0h56.8l-51.7 96H68l63.3-96zm-43 144h51.4L208 352 88.3 192zm102.9 0h193.6L288 435.3 191.2 192zM368 352l68.2-160h51.4L368 352z\"><\/path><\/svg>\t\t\t<\/span>\n\t\t\t\t\t\t\t\t\t<span class=\"elementor-button-text\">Quero testar o m\u00e9todo<\/span>\n\t\t\t\t\t<\/span>\n\t\t\t\t\t<\/a>\n\t\t<\/div>\n\t\t\t\t<\/div>\n\t\t\t\t<\/div>\n\t\t\t\t\t<\/div>\n\t\t\t\t<\/div>\n\t\t<div class=\"elementor-element elementor-element-9b774d2 e-flex e-con-boxed e-con e-parent\" data-id=\"9b774d2\" data-element_type=\"container\" data-settings=\"{&quot;background_background&quot;:&quot;classic&quot;}\">\n\t\t\t\t\t<div class=\"e-con-inner\">\n\t\t\t\t<div class=\"elementor-element elementor-element-d723323 elementor-widget elementor-widget-spacer\" data-id=\"d723323\" data-element_type=\"widget\" data-widget_type=\"spacer.default\">\n\t\t\t\t<div class=\"elementor-widget-container\">\n\t\t\t\t\t<div class=\"elementor-spacer\">\n\t\t\t<div class=\"elementor-spacer-inner\"><\/div>\n\t\t<\/div>\n\t\t\t\t<\/div>\n\t\t\t\t<\/div>\n\t\t\t\t<div class=\"elementor-element elementor-element-660f09c elementor-widget elementor-widget-heading\" data-id=\"660f09c\" data-element_type=\"widget\" data-widget_type=\"heading.default\">\n\t\t\t\t<div class=\"elementor-widget-container\">\n\t\t\t<h2 class=\"elementor-heading-title elementor-size-default\">O Protocolo TOD em Casa \u00e9 baseado em 3 pilares<\/h2>\t\t<\/div>\n\t\t\t\t<\/div>\n\t\t\t\t\t<\/div>\n\t\t\t\t<\/div>\n\t\t<div class=\"elementor-element elementor-element-2efe4d9 e-flex e-con-boxed e-con e-parent\" data-id=\"2efe4d9\" data-element_type=\"container\" data-settings=\"{&quot;background_background&quot;:&quot;classic&quot;}\">\n\t\t\t\t\t<div class=\"e-con-inner\">\n\t\t<div class=\"elementor-element elementor-element-9fc5ff4 e-con-full e-flex e-con e-child\" data-id=\"9fc5ff4\" data-element_type=\"container\">\n\t\t\t\t<div class=\"elementor-element elementor-element-8e65197 elementor-widget__width-inherit elementor-widget elementor-widget-image\" data-id=\"8e65197\" data-element_type=\"widget\" data-widget_type=\"image.default\">\n\t\t\t\t<div class=\"elementor-widget-container\">\n\t\t\t\t\t\t\t\t\t\t\t\t\t<img loading=\"lazy\" decoding=\"async\" width=\"439\" height=\"377\" src=\"https:\/\/todemcasa.com\/wp-content\/uploads\/2023\/11\/trindade2.png\" class=\"attachment-large size-large wp-image-137\" alt=\"\" srcset=\"https:\/\/todemcasa.com\/wp-content\/uploads\/2023\/11\/trindade2.png 439w, https:\/\/todemcasa.com\/wp-content\/uploads\/2023\/11\/trindade2-300x258.png 300w\" sizes=\"(max-width: 439px) 100vw, 439px\" \/>\t\t\t\t\t\t\t\t\t\t\t\t\t<\/div>\n\t\t\t\t<\/div>\n\t\t\t\t<\/div>\n\t\t<div class=\"elementor-element elementor-element-485ce9a e-con-full e-flex e-con e-child\" data-id=\"485ce9a\" data-element_type=\"container\">\n\t\t\t\t<div class=\"elementor-element elementor-element-718ded7 elementor-widget elementor-widget-icon-box\" data-id=\"718ded7\" data-element_type=\"widget\" data-widget_type=\"icon-box.default\">\n\t\t\t\t<div class=\"elementor-widget-container\">\n\t\t\t<link rel=\"stylesheet\" href=\"https:\/\/todemcasa.com\/wp-content\/plugins\/elementor\/assets\/css\/widget-icon-box.min.css\">\t\t<div class=\"elementor-icon-box-wrapper\">\n\n\t\t\t\n\t\t\t\t\t\t<div class=\"elementor-icon-box-content\">\n\n\t\t\t\t\t\t\t\t\t<h3 class=\"elementor-icon-box-title\">\n\t\t\t\t\t\t<span  >\n\t\t\t\t\t\t\tAtividade\t\t\t\t\t\t<\/span>\n\t\t\t\t\t<\/h3>\n\t\t\t\t\n\t\t\t\t\t\t\t\t\t<p class=\"elementor-icon-box-description\">\n\t\t\t\t\t\tBuscamos tornar as atividades agrad\u00e1veis e divertidas, transformando o que seria mon\u00f3tono em momentos l\u00fadicos.\t\t\t\t\t<\/p>\n\t\t\t\t\n\t\t\t<\/div>\n\t\t\t\n\t\t<\/div>\n\t\t\t\t<\/div>\n\t\t\t\t<\/div>\n\t\t\t\t<div class=\"elementor-element elementor-element-42d83ea elementor-widget elementor-widget-icon-box\" data-id=\"42d83ea\" data-element_type=\"widget\" data-widget_type=\"icon-box.default\">\n\t\t\t\t<div class=\"elementor-widget-container\">\n\t\t\t\t\t<div class=\"elementor-icon-box-wrapper\">\n\n\t\t\t\n\t\t\t\t\t\t<div class=\"elementor-icon-box-content\">\n\n\t\t\t\t\t\t\t\t\t<h3 class=\"elementor-icon-box-title\">\n\t\t\t\t\t\t<span  >\n\t\t\t\t\t\t\tAntecipa\u00e7\u00e3o\t\t\t\t\t\t<\/span>\n\t\t\t\t\t<\/h3>\n\t\t\t\t\n\t\t\t\t\t\t\t\t\t<p class=\"elementor-icon-box-description\">\n\t\t\t\t\t\tO pilar da antecipa\u00e7\u00e3o \u00e9 baseada na comunica\u00e7\u00e3o com anteced\u00eancia, permitindo que a crian\u00e7a antecipe e se prepare mentalmente para a atividade.\t\t\t\t\t<\/p>\n\t\t\t\t\n\t\t\t<\/div>\n\t\t\t\n\t\t<\/div>\n\t\t\t\t<\/div>\n\t\t\t\t<\/div>\n\t\t\t\t<div class=\"elementor-element elementor-element-862db51 elementor-widget elementor-widget-icon-box\" data-id=\"862db51\" data-element_type=\"widget\" data-widget_type=\"icon-box.default\">\n\t\t\t\t<div class=\"elementor-widget-container\">\n\t\t\t\t\t<div class=\"elementor-icon-box-wrapper\">\n\n\t\t\t\n\t\t\t\t\t\t<div class=\"elementor-icon-box-content\">\n\n\t\t\t\t\t\t\t\t\t<h3 class=\"elementor-icon-box-title\">\n\t\t\t\t\t\t<span  >\n\t\t\t\t\t\t\tArgumenta\u00e7\u00e3o\t\t\t\t\t\t<\/span>\n\t\t\t\t\t<\/h3>\n\t\t\t\t\n\t\t\t\t\t\t\t\t\t<p class=\"elementor-icon-box-description\">\n\t\t\t\t\t\tO pilar da Argumenta\u00e7\u00e3o \u00e9 baseado na linguagem positiva, destacando sempre os benef\u00edcios da atividade que vai ser executada.\t\t\t\t\t<\/p>\n\t\t\t\t\n\t\t\t<\/div>\n\t\t\t\n\t\t<\/div>\n\t\t\t\t<\/div>\n\t\t\t\t<\/div>\n\t\t\t\t<\/div>\n\t\t\t\t\t<\/div>\n\t\t\t\t<\/div>\n\t\t\t\t<\/div>\n\t\t","protected":false},"excerpt":{"rendered":"<p>\u26a0\ufe0f \u00daLTIMAS VAGAS DISPON\u00cdVEIS \u26a0\ufe0f Acabe com as crises de raiva, comportamentos violentos e os argumentos de oposi\u00e7\u00e3o Sem gritos, castigos ou palmadas Com apenas 5 minutos por dia, veja o comportamento opositor e desafiador de seu filho acabar, fazendo com que ele entenda os limites e siga as regras. Mas antes&#8230; Voc\u00ea entende o [&hellip;]<\/p>\n","protected":false},"author":1,"featured_media":0,"parent":0,"menu_order":0,"comment_status":"closed","ping_status":"closed","template":"elementor_canvas","meta":{"footnotes":""},"_links":{"self":[{"href":"https:\/\/todemcasa.com\/index.php\/wp-json\/wp\/v2\/pages\/8"}],"collection":[{"href":"https:\/\/todemcasa.com\/index.php\/wp-json\/wp\/v2\/pages"}],"about":[{"href":"https:\/\/todemcasa.com\/index.php\/wp-json\/wp\/v2\/types\/page"}],"author":[{"embeddable":true,"href":"https:\/\/todemcasa.com\/index.php\/wp-json\/wp\/v2\/users\/1"}],"replies":[{"embeddable":true,"href":"https:\/\/todemcasa.com\/index.php\/wp-json\/wp\/v2\/comments?post=8"}],"version-history":[{"count":172,"href":"https:\/\/todemcasa.com\/index.php\/wp-json\/wp\/v2\/pages\/8\/revisions"}],"predecessor-version":[{"id":208,"href":"https:\/\/todemcasa.com\/index.php\/wp-json\/wp\/v2\/pages\/8\/revisions\/208"}],"wp:attachment":[{"href":"https:\/\/todemcasa.com\/index.php\/wp-json\/wp\/v2\/media?parent=8"}],"curies":[{"name":"wp","href":"https:\/\/api.w.org\/{rel}","templated":true}]}}